{"id":1002,"date":"2024-04-02T23:56:36","date_gmt":"2024-04-02T21:56:36","guid":{"rendered":"https:\/\/wayoutlaspalmas.com\/?page_id=1002"},"modified":"2024-04-02T23:56:36","modified_gmt":"2024-04-02T21:56:36","slug":"reservar-dos-salas-a-la-vez","status":"publish","type":"page","link":"https:\/\/wayoutlaspalmas.com\/en\/reservar-dos-salas-a-la-vez\/","title":{"rendered":"RESERVAR DOS SALAS A LA VEZ"},"content":{"rendered":"<div class=\"wpb-content-wrapper\">\n<div class=\"mk-page-section-wrapper\" data-mk-full-width=\"true\" data-mk-full-width-init=\"true\" data-mk-stretch-content=\"true\">\n\t<div id=\"page-section-1\" class=\"mk-page-section self-hosted   full_layout full-width-1 js-el js-master-row jupiter-donut-    center-y\" data-mk-component=\"FullHeight\" data-fullHeight-config='{\"min\": 100}'   data-intro-effect=\"false\">\n\n\t\t\t\n\t\t\t<div class=\"mk-page-section-inner\">\n\t\t\t\t\n\n\n<div style=\"background-color:#000000;opacity:0.6;\" class=\"mk-video-color-mask\"><\/div>\n\n\t\t\t\t\n\t\t\t\t\n\t\n\t<div class=\"background-layer-holder\">\n\t\t<div id=\"background-layer--1\" data-mk-lazyload=\"false\" class=\"background-layer mk-background-stretch none-blend-effect js-el\"    data-mk-img-set='{\"landscape\":{\"desktop\":\"https:\/\/wayoutlaspalmas.com\/wp-content\/uploads\/2021\/07\/question-mark-1872634-scaled.jpg\",\"tablet\":\"https:\/\/wayoutlaspalmas.com\/wp-content\/uploads\/2021\/07\/question-mark-1872634-scaled-1024x768.jpg\",\"mobile\":\"https:\/\/wayoutlaspalmas.com\/wp-content\/uploads\/2021\/07\/question-mark-1872634-scaled-736x414.jpg\"},\"responsive\":\"true\"}' >\n\t\t\t\t\t\t\t\t\t<div class=\"mk-color-layer\"><\/div>\n\t\t<\/div>\n\t<\/div>\n\n\t\t\t<\/div>\n\n\t\t\t\n        <div class=\"page-section-content vc_row-fluid mk-grid \" >\n            <div class=\"mk-padding-wrapper wpb_row\">\n<div class=\"vc_col-sm-2 wpb_column column_container  jupiter-donut- _ jupiter-donut-height-full\">\n\t\n<div id=\"text-block-3\" class=\"mk-text-block  jupiter-donut- \">\n\n\t\n\t\n\t<div class=\"clearboth\"><\/div>\n<\/div>\n\n<\/div>\n\n<div class=\"vc_col-sm-8 wpb_column column_container  jupiter-donut- _ jupiter-donut-height-full\">\n\t<div id=\"divider-5\" class=\"mk-divider  jupiter-donut-   divider_full_width center padding_space  \">\n\n\t\t\t<div class=\"divider-inner\"><\/div>\n\t\n<\/div>\n<div class=\"clearboth\"><\/div>\n\n<h2 id=\"fancy-title-6\" class=\"mk-fancy-title  simple-style jupiter-donut-  color-single\">\n\t<span>\n\t\t\t\t<p><strong>EL PROFESOR TESLA<\/strong> Y <strong>LA AGENCIA<\/strong> A LA VEZ<\/p>\n<p>DOBLE DIVERSI\u00d3N PARA EL DOBLE DE JUGADORES<\/p>\n\t\t\t<\/span>\n<\/h2>\n<div class=\"clearboth\"><\/div>\n\n\n\n<\/div>\n\n<div class=\"vc_col-sm-2 wpb_column column_container  jupiter-donut- _ jupiter-donut-height-full\">\n\t<\/div>\n<\/div>\n            <div class=\"clearboth\"><\/div>\n        <\/div>\n\n\n\t\t\t\n\t\t\t\n\t\t\t<div class=\"mk-shape-divider mk-shape-divider--stick folded-bottom-style big-size mk-shape-divider--stick-bottom\" id=\"mk-shape-divider-8\">\n\t\t\t<div class=\"shape__container\">\n\t\t\t\t<div class=\"shape\">\n\t\t\t\t\n\t\t<svg width=\"100%\" height=\"130px\">\n\t\t\t<defs>\n\t\t\t    <pattern id=\"shapeDividerPattern-8\" preserveaspectratio=\"none\" style=\"background-repeat: none;\" patternunits=\"userSpaceOnUse\" x=\"0\" y=\"0\" width=\"100%\" height=\"1300px\" viewbox=\"0 0 100 1300\">\n\t\t\t        <polygon fill=\"#ffffff\" points=\"0,0 0,130 50,130 \"><\/polygon><polygon fill=\"#ffffff\" points=\"100,0 100,130 50,130 \"><\/polygon>\n\t\t\t    <\/pattern>\n\t\t\t<\/defs>\n\n\t\t\t<!-- Background -->\n\t\t\t<rect x=\"0\" y=\"0\" width=\"100%\" height=\"130px\" fill=\"url(#shapeDividerPattern-8)\"><\/rect>\n\t\t<\/svg>\n\t<\/div>\n\t\t\t<\/div>\n\t\t<\/div>\n\t\t<div class=\"clearboth\"><\/div>\n\t<\/div>\n<\/div>\n<div class=\"vc_row-full-width vc_clearfix\"><\/div>\n\n\n<div  data-mk-stretch-content=\"true\" class=\"wpb_row vc_row vc_row-fluid jupiter-donut- mk-fullwidth-false  attched-false     js-master-row  mk-grid\">\n\t\t\t\t\n<div class=\"vc_col-sm-2 wpb_column column_container  jupiter-donut- _ jupiter-donut-height-full\">\n\t\n<div id=\"text-block-10\" class=\"mk-text-block  jupiter-donut- \">\n\n\t\n\t\n\t<div class=\"clearboth\"><\/div>\n<\/div>\n\n<\/div>\n\n<div class=\"vc_col-sm-8 wpb_column column_container  jupiter-donut- _ jupiter-donut-height-full\">\n\t\n<div id=\"padding-12\" class=\"mk-padding-divider jupiter-donut-  jupiter-donut-clearfix\"><\/div>\n\n\n<h2 id=\"fancy-title-13\" class=\"mk-fancy-title  simple-style jupiter-donut-  color-single\">\n\t<span>\n\t\t\t\t<h1>DOS SALAS A LA VEZ<\/h1>\n<p>(DE 7 A 12 JUGADORES)<\/p>\n\t\t\t<\/span>\n<\/h2>\n<div class=\"clearboth\"><\/div>\n\n\n\n<div id=\"divider-14\" class=\"mk-divider  jupiter-donut-  custom-width center thin_solid  \">\n\n\t\t\t<div class=\"divider-inner\"><\/div>\n\t\n<\/div>\n<div class=\"clearboth\"><\/div>\n<\/div>\n\n<div class=\"vc_col-sm-2 wpb_column column_container  jupiter-donut- _ jupiter-donut-height-full\">\n\t\n<div id=\"text-block-16\" class=\"mk-text-block  jupiter-donut- \">\n\n\t\n\t\n\t<div class=\"clearboth\"><\/div>\n<\/div>\n\n<\/div>\n\t<\/div>\n\n<div  data-mk-stretch-content=\"true\" class=\"wpb_row vc_row vc_row-fluid jupiter-donut- mk-fullwidth-false  attched-false     js-master-row  mk-grid\">\n\t\t\t\t\n<div class=\"vc_col-sm-2 wpb_column column_container  jupiter-donut- _ jupiter-donut-height-full\">\n\t\n<div id=\"text-block-18\" class=\"mk-text-block  jupiter-donut- \">\n\n\t\n\t\n\t<div class=\"clearboth\"><\/div>\n<\/div>\n\n<\/div>\n\n<div class=\"vc_col-sm-8 wpb_column column_container  jupiter-donut- _ jupiter-donut-height-full\">\n\t\n<h2 id=\"fancy-title-20\" class=\"mk-fancy-title  simple-style jupiter-donut-  color-single\">\n\t<span>\n\t\t\t\t<h4 style=\"text-align: center;\"><strong>LEER ANTES DE RESERVAR<\/strong><\/h4>\n\t\t\t<\/span>\n<\/h2>\n<div class=\"clearboth\"><\/div>\n\n\n\n\n<div id=\"list-21\" class=\"mk-list-styles  mk-align-none  jupiter-donut- jupiter-donut-clear\" data-charcode=\"mk-icon-check\" data-family=\"\">\n\n\t\n\t<ul>\n<li><svg  class=\"mk-svg-icon\" data-name=\"mk-icon-check\" data-cacheid=\"icon-6a04c60e39a46\" style=\" height:16px; width: 16px; \"  xmlns=\"http:\/\/www.w3.org\/2000\/svg\" viewBox=\"0 0 1792 1792\"><path d=\"M1671 566q0 40-28 68l-724 724-136 136q-28 28-68 28t-68-28l-136-136-362-362q-28-28-28-68t28-68l136-136q28-28 68-28t68 28l294 295 656-657q28-28 68-28t68 28l136 136q28 28 28 68z\"\/><\/svg><strong>La<\/strong> <strong>edad m\u00ednima <\/strong>para entrar en la sala son 7 A\u00d1OS.<\/li>\n<li><svg  class=\"mk-svg-icon\" data-name=\"mk-icon-check\" data-cacheid=\"icon-6a04c60e39a46\" style=\" height:16px; width: 16px; \"  xmlns=\"http:\/\/www.w3.org\/2000\/svg\" viewBox=\"0 0 1792 1792\"><path d=\"M1671 566q0 40-28 68l-724 724-136 136q-28 28-68 28t-68-28l-136-136-362-362q-28-28-28-68t28-68l136-136q28-28 68-28t68 28l294 295 656-657q28-28 68-28t68 28l136 136q28 28 28 68z\"\/><\/svg><strong>Versi\u00f3n est\u00e1ndar (adultos) y versi\u00f3n Junior.<\/strong> Nuestros juegos disponen de dos versiones. La est\u00e1ndar para adultos y la versi\u00f3n junior adaptada para ni\u00f1os. Elije la versi\u00f3n junior en el caso de que TODOS LOS JUGADORES sean menores de edad. El gamemaster entrar\u00e1 en la sala con ellos para guiarlos.<\/li>\n<li><svg  class=\"mk-svg-icon\" data-name=\"mk-icon-check\" data-cacheid=\"icon-6a04c60e39a46\" style=\" height:16px; width: 16px; \"  xmlns=\"http:\/\/www.w3.org\/2000\/svg\" viewBox=\"0 0 1792 1792\"><path d=\"M1671 566q0 40-28 68l-724 724-136 136q-28 28-68 28t-68-28l-136-136-362-362q-28-28-28-68t28-68l136-136q28-28 68-28t68 28l294 295 656-657q28-28 68-28t68 28l136 136q28 28 28 68z\"\/><\/svg><strong>Es necesario avisar de cualquier condici\u00f3n m\u00e9dica especial antes de reservar<\/strong>, si alg\u00fan jugador\/a est\u00e1 embarazada o tiene cualquier problema de fotosensibilidad, movilidad, coraz\u00f3n, claustrofobia etc. Usamos luces estrobosc\u00f3picas, luces UV, y hay espacios reducidos.<\/li>\n<li><svg  class=\"mk-svg-icon\" data-name=\"mk-icon-check\" data-cacheid=\"icon-6a04c60e39a46\" style=\" height:16px; width: 16px; \"  xmlns=\"http:\/\/www.w3.org\/2000\/svg\" viewBox=\"0 0 1792 1792\"><path d=\"M1671 566q0 40-28 68l-724 724-136 136q-28 28-68 28t-68-28l-136-136-362-362q-28-28-28-68t28-68l136-136q28-28 68-28t68 28l294 295 656-657q28-28 68-28t68 28l136 136q28 28 28 68z\"\/><\/svg><strong>Si al final deciden venir m\u00e1s, o menos jugadores<\/strong> (hasta el m\u00e1ximo de 12 permitido), no hay problema. No es necesario avisar.<\/li>\n<li><svg  class=\"mk-svg-icon\" data-name=\"mk-icon-check\" data-cacheid=\"icon-6a04c60e39a46\" style=\" height:16px; width: 16px; \"  xmlns=\"http:\/\/www.w3.org\/2000\/svg\" viewBox=\"0 0 1792 1792\"><path d=\"M1671 566q0 40-28 68l-724 724-136 136q-28 28-68 28t-68-28l-136-136-362-362q-28-28-28-68t28-68l136-136q28-28 68-28t68 28l294 295 656-657q28-28 68-28t68 28l136 136q28 28 28 68z\"\/><\/svg><strong>Al realizar la reserva pagar\u00e1s \u00fanicamente 60\u20ac de fianza<\/strong> para las dos salas (30\u20ac por sala). El resto se pagar\u00e1 en el local el d\u00eda de la reserva, ajust\u00e1ndose el precio al n\u00famero final de jugadores.<\/li>\n<li><svg  class=\"mk-svg-icon\" data-name=\"mk-icon-check\" data-cacheid=\"icon-6a04c60e39a46\" style=\" height:16px; width: 16px; \"  xmlns=\"http:\/\/www.w3.org\/2000\/svg\" viewBox=\"0 0 1792 1792\"><path d=\"M1671 566q0 40-28 68l-724 724-136 136q-28 28-68 28t-68-28l-136-136-362-362q-28-28-28-68t28-68l136-136q28-28 68-28t68 28l294 295 656-657q28-28 68-28t68 28l136 136q28 28 28 68z\"\/><\/svg><strong>NO SE ADMITEN CANCELACIONES.<\/strong><strong><br \/>\nPero podr\u00e1s cambiar la fecha para venir otro d\u00eda (siempre que nos avises con 48 horas de antelaci\u00f3n). Este cambio solo se podr\u00e1 realizar una vez.<\/strong><\/li>\n<li><svg  class=\"mk-svg-icon\" data-name=\"mk-icon-check\" data-cacheid=\"icon-6a04c60e39a46\" style=\" height:16px; width: 16px; \"  xmlns=\"http:\/\/www.w3.org\/2000\/svg\" viewBox=\"0 0 1792 1792\"><path d=\"M1671 566q0 40-28 68l-724 724-136 136q-28 28-68 28t-68-28l-136-136-362-362q-28-28-28-68t28-68l136-136q28-28 68-28t68 28l294 295 656-657q28-28 68-28t68 28l136 136q28 28 28 68z\"\/><\/svg><strong>Si al final vienen 6 o menos jugadores<\/strong>, podr\u00e1n jugar todos juntos en una sola sala, pero perder\u00e1n los 30\u20ac de fianza de la sala no utilizada.<\/li>\n<\/ul>\n\n<\/div>\n\t<div class=\" vc_custom_1678664040956\">\n\n<div id=\"text-block-22\" class=\"mk-text-block  jupiter-donut- \">\n\n\t\n\t<p>Al efectuar el pago est\u00e1s aceptando nuestra <a href=\"https:\/\/wayoutlaspalmas.com\/politica-de-compras\/\" target=\"_blank\" rel=\"noopener noreferrer\">Pol\u00edticas de Compras y Privacidad<\/a><\/p>\n\n\t<div class=\"clearboth\"><\/div>\n<\/div>\n\n\t<\/div>\n<div class=\"vc_separator wpb_content_element vc_separator_align_center vc_sep_width_100 vc_sep_pos_align_center vc_separator_no_text vc_sep_color_grey wpb_content_element  wpb_content_element\" ><span class=\"vc_sep_holder vc_sep_holder_l\"><span class=\"vc_sep_line\"><\/span><\/span><span class=\"vc_sep_holder vc_sep_holder_r\"><span class=\"vc_sep_line\"><\/span><\/span>\n<\/div><\/div>\n\n<div class=\"vc_col-sm-2 wpb_column column_container  jupiter-donut- _ jupiter-donut-height-full\">\n\t\n<div id=\"text-block-24\" class=\"mk-text-block  jupiter-donut- \">\n\n\t\n\t\n\t<div class=\"clearboth\"><\/div>\n<\/div>\n\n<\/div>\n\t<\/div>\n\n<div  data-mk-stretch-content=\"true\" class=\"wpb_row vc_row vc_row-fluid jupiter-donut- mk-fullwidth-false  attched-false     js-master-row  mk-grid\">\n\t\t\t\t\n<div class=\"vc_col-sm-2 wpb_column column_container  jupiter-donut- _ jupiter-donut-height-full\">\n\t<\/div>\n\n<div class=\"vc_col-sm-8 wpb_column column_container  jupiter-donut- _ jupiter-donut-height-full\">\n\t<div class=\"vc_separator wpb_content_element vc_separator_align_center vc_sep_width_100 vc_sep_pos_align_center vc_separator_no_text vc_sep_color_grey wpb_content_element  wpb_content_element\" ><span class=\"vc_sep_holder vc_sep_holder_l\"><span class=\"vc_sep_line\"><\/span><\/span><span class=\"vc_sep_holder vc_sep_holder_r\"><span class=\"vc_sep_line\"><\/span><\/span>\n<\/div><div  class=\"mk-image mk-image-27 jupiter-donut-  mk-image-lazyload align-center simple-frame inside-image \" style=\"margin-bottom:10px\"><div class=\"mk-image-container\" style=\"max-width: 300px;\"><div  class=\"mk-image-holder\" style=\"max-width: 300px;\"><div class=\"mk-image-inner  \"><img loading=\"lazy\" decoding=\"async\" class=\"lightbox-false\" alt=\"reservar wayout las palmas\" title=\"reservar wayout las palmas\" width=\"300\" height=\"300\" src=\"https:\/\/wayoutlaspalmas.com\/wp-content\/uploads\/2017\/08\/reserv-1-300x300.png\" \/><\/div><\/div><div class=\"clearboth\"><\/div><\/div><\/div>\n<h2 id=\"fancy-title-28\" class=\"mk-fancy-title  simple-style jupiter-donut-  color-single\">\n\t<span>\n\t\t\t\t<h3 style=\"text-align: center;\"><strong>SELECCIONA UNA HORA PARA TU SESI\u00d3N <\/strong><strong>ENTRE LAS DISPONIBLES EN VERDE<\/strong><\/h3>\n<h3 style=\"text-align: center;\"><strong>LAS HORAS O D\u00cdAS QUE NO APAREZCAN EN EL CALENDARIO ES QUE YA NO EST\u00c1N DISPONIBLES<\/strong><\/h3>\n\t\t\t<\/span>\n<\/h2>\n<div class=\"clearboth\"><\/div>\n\n\n\n<\/div>\n\n<div class=\"vc_col-sm-2 wpb_column column_container  jupiter-donut- _ jupiter-donut-height-full\">\n\t<\/div>\n\t<\/div>\n\n<div  data-mk-stretch-content=\"true\" class=\"wpb_row vc_row vc_row-fluid jupiter-donut- mk-fullwidth-false  attched-false     js-master-row  mk-grid\">\n\t\t\t\t\n<div class=\"vc_col-sm-12 wpb_column column_container  jupiter-donut- _ jupiter-donut-height-full\">\n\t\n\t<div class=\"wpb_raw_code wpb_raw_html wpb_content_element\" >\n\t\t<div class=\"wpb_wrapper\">\n\t\t\t<div id='planyo_plugin_code' class='planyo_wp planyo'>\n<script type=\"text\/javascript\">\n\/* these values are copied from the PHP settings; please update the original values above and leave these unchanged *\/\nvar ulap_script=\"ulap.php\"; \/* file name to one of the ULAP scripts, e.g. ulap.php, OR \"jsonp\" for a pure javascript implementation *\/\nvar planyo_site_id=\"63027\"; \/* ID of your planyo site *\/\nvar planyo_resource_id=\"\"; \/* optional: ID of the resource being reserved *\/\nvar planyo_files_location=\"https:\/\/wayoutlaspalmas.com\/wp-content\/plugins\/planyo-online-reservation-system\/\"; \/* relative or absolute directory where the planyo files are kept (usually '\/planyo-files') *\/\nvar planyo_language=\"EN\"; \/* you can optionally change the language here, e.g. 'FR' or 'ES' or pass the languge in the 'planyo_lang' parameter *\/\nvar sort_fields=\"name,price\"; \/* comma-separated sort fields -- a single field will hide the sort dropdown box *\/\nvar planyo_resource_ordering=\"name\"; \/* optional sort criterium for resource list *\/\nvar extra_search_fields=\"\"; \/* comma-separated extra fields in the search box *\/\nvar planyo_default_mode=\"reserve\";\nvar planyo_use_https=true; \/* set this to true if embedding planyo on a secure website (SSL) *\/\nvar planyo_attribs='?resource_id=217128&mode=reserve&lang=AUTO'; \/* optional attributes for non-default modes *\/\n<\/script>\n\n<script type=\"text\/javascript\">\nfunction get_param (name) {name = name.replace(\/[\\[]\/,\"\\\\\\[\").replace(\/[\\]]\/,\"\\\\\\]\");var regexS = \"[\\\\?&]\"+name+\"=([^&#]*)\";var regex = new RegExp (regexS);var results = regex.exec (window.location.href);if (results == null) return null;else  return results[1];}\nif (get_param('ppp_mode')) planyo_embed_mode = get_param('ppp_mode'); else if (get_param('mode')) planyo_embed_mode = get_param('mode');\nfunction get_full_planyo_file_path(name) {if(planyo_files_location.length==0||planyo_files_location.lastIndexOf('\/')==planyo_files_location.length-1)return planyo_files_location+name; else return planyo_files_location+'\/'+name;}\n<\/script>\n<link rel='stylesheet' href='https:\/\/www.planyo.com\/schemes\/?calendar=63027&detect_mobile=auto&sel=scheme_css' type='text\/css' \/>\n<div id='planyo_content' class='planyo'><img src='https:\/\/www.planyo.com\/images\/hourglass.gif' align='middle' \/><\/div>\n<script type='text\/javascript' src='https:\/\/www.planyo.com\/Plugins\/PlanyoFiles\/jquery-3.6.4.min.js'><\/script>\n<script src='https:\/\/www.planyo.com\/Plugins\/PlanyoFiles\/booking-utils.js' type='text\/javascript'><\/script>\n<noscript>\n<a href='https:\/\/www.planyo.com\/about-calendar.php?calendar=63027'>Make a reservation<\/a><br\/><br\/><a href='https:\/\/www.planyo.com\/'>Reservation\n  system powered by Planyo<\/a>\n<\/noscript>\n<\/div>\n\n\t\t<\/div>\n\t<\/div>\n<\/div>\n\t<\/div>\n\n<\/div>","protected":false},"excerpt":{"rendered":"EL PROFESOR TESLA Y LA AGENCIA A LA VEZ DOBLE DIVERSI\u00d3N PARA EL DOBLE DE JUGADORES DOS SALAS A LA VEZ (DE 7 A 12 JUGADORES) LEER ANTES DE RESERVAR La edad m\u00ednima para entrar en la sala son 7 A\u00d1OS. Versi\u00f3n est\u00e1ndar (adultos) y versi\u00f3n Junior. Nuestros juegos disponen de dos versiones. La est\u00e1ndar [...]","protected":false},"author":1,"featured_media":0,"parent":0,"menu_order":0,"comment_status":"closed","ping_status":"closed","template":"","meta":{"_joinchat":[],"footnotes":""},"class_list":["post-1002","page","type-page","status-publish","hentry"],"yoast_head":"<!-- This site is optimized with the Yoast SEO plugin v27.1.1 - https:\/\/yoast.com\/product\/yoast-seo-wordpress\/ -->\n<title>RESERVAR DOS SALAS A LA VEZ - Wayout Room escape Las Palmas<\/title>\n<meta name=\"description\" content=\"Podr\u00e1s salir en menos de 60 minutos de nuestro Room Escape con la ayuda de tu ingenio y el de tus amigos? Ven a probarlo, 100% Divertido y sorprendente.\" \/>\n<meta name=\"robots\" content=\"index, follow, max-snippet:-1, max-image-preview:large, max-video-preview:-1\" \/>\n<link rel=\"canonical\" href=\"https:\/\/wayoutlaspalmas.com\/en\/reservar-dos-salas-a-la-vez\/\" \/>\n<meta property=\"og:locale\" content=\"en_GB\" \/>\n<meta property=\"og:type\" content=\"article\" \/>\n<meta property=\"og:title\" content=\"RESERVAR DOS SALAS A LA VEZ - Wayout Room escape Las Palmas\" \/>\n<meta property=\"og:description\" content=\"Podr\u00e1s salir en menos de 60 minutos de nuestro Room Escape con la ayuda de tu ingenio y el de tus amigos? Ven a probarlo, 100% Divertido y sorprendente.\" \/>\n<meta property=\"og:url\" content=\"https:\/\/wayoutlaspalmas.com\/en\/reservar-dos-salas-a-la-vez\/\" \/>\n<meta property=\"og:site_name\" content=\"Wayout Room escape Las Palmas\" \/>\n<meta property=\"article:publisher\" content=\"http:\/\/www.facebook.com\/wayoutlaspalmas\" \/>\n<meta name=\"twitter:card\" content=\"summary_large_image\" \/>\n<meta name=\"twitter:label1\" content=\"Estimated reading time\" \/>\n\t<meta name=\"twitter:data1\" content=\"2 minutes\" \/>\n<script type=\"application\/ld+json\" class=\"yoast-schema-graph\">{\"@context\":\"https:\/\/schema.org\",\"@graph\":[{\"@type\":\"WebPage\",\"@id\":\"https:\/\/wayoutlaspalmas.com\/reservar-dos-salas-a-la-vez\/\",\"url\":\"https:\/\/wayoutlaspalmas.com\/reservar-dos-salas-a-la-vez\/\",\"name\":\"RESERVAR DOS SALAS A LA VEZ - Wayout Room escape Las Palmas\",\"isPartOf\":{\"@id\":\"https:\/\/wayoutlaspalmas.com\/#website\"},\"datePublished\":\"2024-04-02T21:56:36+00:00\",\"description\":\"Podr\u00e1s salir en menos de 60 minutos de nuestro Room Escape con la ayuda de tu ingenio y el de tus amigos? Ven a probarlo, 100% Divertido y sorprendente.\",\"breadcrumb\":{\"@id\":\"https:\/\/wayoutlaspalmas.com\/reservar-dos-salas-a-la-vez\/#breadcrumb\"},\"inLanguage\":\"en-GB\",\"potentialAction\":[{\"@type\":\"ReadAction\",\"target\":[\"https:\/\/wayoutlaspalmas.com\/reservar-dos-salas-a-la-vez\/\"]}]},{\"@type\":\"BreadcrumbList\",\"@id\":\"https:\/\/wayoutlaspalmas.com\/reservar-dos-salas-a-la-vez\/#breadcrumb\",\"itemListElement\":[{\"@type\":\"ListItem\",\"position\":1,\"name\":\"Portada\",\"item\":\"https:\/\/wayoutlaspalmas.com\/\"},{\"@type\":\"ListItem\",\"position\":2,\"name\":\"RESERVAR DOS SALAS A LA VEZ\"}]},{\"@type\":\"WebSite\",\"@id\":\"https:\/\/wayoutlaspalmas.com\/#website\",\"url\":\"https:\/\/wayoutlaspalmas.com\/\",\"name\":\"Wayout Room escape Las Palmas\",\"description\":\"Juego de escape en vivo\",\"publisher\":{\"@id\":\"https:\/\/wayoutlaspalmas.com\/#organization\"},\"potentialAction\":[{\"@type\":\"SearchAction\",\"target\":{\"@type\":\"EntryPoint\",\"urlTemplate\":\"https:\/\/wayoutlaspalmas.com\/?s={search_term_string}\"},\"query-input\":{\"@type\":\"PropertyValueSpecification\",\"valueRequired\":true,\"valueName\":\"search_term_string\"}}],\"inLanguage\":\"en-GB\"},{\"@type\":\"Organization\",\"@id\":\"https:\/\/wayoutlaspalmas.com\/#organization\",\"name\":\"Wayout Las Palmas\",\"url\":\"https:\/\/wayoutlaspalmas.com\/\",\"logo\":{\"@type\":\"ImageObject\",\"inLanguage\":\"en-GB\",\"@id\":\"https:\/\/wayoutlaspalmas.com\/#\/schema\/logo\/image\/\",\"url\":\"https:\/\/wayoutlaspalmas.com\/wp-content\/uploads\/2017\/07\/logolaspalmas-01.png\",\"contentUrl\":\"https:\/\/wayoutlaspalmas.com\/wp-content\/uploads\/2017\/07\/logolaspalmas-01.png\",\"width\":144,\"height\":124,\"caption\":\"Wayout Las Palmas\"},\"image\":{\"@id\":\"https:\/\/wayoutlaspalmas.com\/#\/schema\/logo\/image\/\"},\"sameAs\":[\"http:\/\/www.facebook.com\/wayoutlaspalmas\",\"http:\/\/www.instagram.com\/wayoutlaspalmas\",\"https:\/\/www.youtube.com\/channel\/UCFW6XCRzJLUEeXkZmX0gKhA\"]}]}<\/script>\n<!-- \/ Yoast SEO plugin. -->","yoast_head_json":{"title":"RESERVAR DOS SALAS A LA VEZ - Wayout Room escape Las Palmas","description":"Podr\u00e1s salir en menos de 60 minutos de nuestro Room Escape con la ayuda de tu ingenio y el de tus amigos? Ven a probarlo, 100% Divertido y sorprendente.","robots":{"index":"index","follow":"follow","max-snippet":"max-snippet:-1","max-image-preview":"max-image-preview:large","max-video-preview":"max-video-preview:-1"},"canonical":"https:\/\/wayoutlaspalmas.com\/en\/reservar-dos-salas-a-la-vez\/","og_locale":"en_GB","og_type":"article","og_title":"RESERVAR DOS SALAS A LA VEZ - Wayout Room escape Las Palmas","og_description":"Podr\u00e1s salir en menos de 60 minutos de nuestro Room Escape con la ayuda de tu ingenio y el de tus amigos? Ven a probarlo, 100% Divertido y sorprendente.","og_url":"https:\/\/wayoutlaspalmas.com\/en\/reservar-dos-salas-a-la-vez\/","og_site_name":"Wayout Room escape Las Palmas","article_publisher":"http:\/\/www.facebook.com\/wayoutlaspalmas","twitter_card":"summary_large_image","twitter_misc":{"Estimated reading time":"2 minutes"},"schema":{"@context":"https:\/\/schema.org","@graph":[{"@type":"WebPage","@id":"https:\/\/wayoutlaspalmas.com\/reservar-dos-salas-a-la-vez\/","url":"https:\/\/wayoutlaspalmas.com\/reservar-dos-salas-a-la-vez\/","name":"RESERVAR DOS SALAS A LA VEZ - Wayout Room escape Las Palmas","isPartOf":{"@id":"https:\/\/wayoutlaspalmas.com\/#website"},"datePublished":"2024-04-02T21:56:36+00:00","description":"Podr\u00e1s salir en menos de 60 minutos de nuestro Room Escape con la ayuda de tu ingenio y el de tus amigos? Ven a probarlo, 100% Divertido y sorprendente.","breadcrumb":{"@id":"https:\/\/wayoutlaspalmas.com\/reservar-dos-salas-a-la-vez\/#breadcrumb"},"inLanguage":"en-GB","potentialAction":[{"@type":"ReadAction","target":["https:\/\/wayoutlaspalmas.com\/reservar-dos-salas-a-la-vez\/"]}]},{"@type":"BreadcrumbList","@id":"https:\/\/wayoutlaspalmas.com\/reservar-dos-salas-a-la-vez\/#breadcrumb","itemListElement":[{"@type":"ListItem","position":1,"name":"Portada","item":"https:\/\/wayoutlaspalmas.com\/"},{"@type":"ListItem","position":2,"name":"RESERVAR DOS SALAS A LA VEZ"}]},{"@type":"WebSite","@id":"https:\/\/wayoutlaspalmas.com\/#website","url":"https:\/\/wayoutlaspalmas.com\/","name":"Wayout Room escape Las Palmas","description":"Juego de escape en vivo","publisher":{"@id":"https:\/\/wayoutlaspalmas.com\/#organization"},"potentialAction":[{"@type":"SearchAction","target":{"@type":"EntryPoint","urlTemplate":"https:\/\/wayoutlaspalmas.com\/?s={search_term_string}"},"query-input":{"@type":"PropertyValueSpecification","valueRequired":true,"valueName":"search_term_string"}}],"inLanguage":"en-GB"},{"@type":"Organization","@id":"https:\/\/wayoutlaspalmas.com\/#organization","name":"Wayout Las Palmas","url":"https:\/\/wayoutlaspalmas.com\/","logo":{"@type":"ImageObject","inLanguage":"en-GB","@id":"https:\/\/wayoutlaspalmas.com\/#\/schema\/logo\/image\/","url":"https:\/\/wayoutlaspalmas.com\/wp-content\/uploads\/2017\/07\/logolaspalmas-01.png","contentUrl":"https:\/\/wayoutlaspalmas.com\/wp-content\/uploads\/2017\/07\/logolaspalmas-01.png","width":144,"height":124,"caption":"Wayout Las Palmas"},"image":{"@id":"https:\/\/wayoutlaspalmas.com\/#\/schema\/logo\/image\/"},"sameAs":["http:\/\/www.facebook.com\/wayoutlaspalmas","http:\/\/www.instagram.com\/wayoutlaspalmas","https:\/\/www.youtube.com\/channel\/UCFW6XCRzJLUEeXkZmX0gKhA"]}]}},"_links":{"self":[{"href":"https:\/\/wayoutlaspalmas.com\/en\/wp-json\/wp\/v2\/pages\/1002","targetHints":{"allow":["GET"]}}],"collection":[{"href":"https:\/\/wayoutlaspalmas.com\/en\/wp-json\/wp\/v2\/pages"}],"about":[{"href":"https:\/\/wayoutlaspalmas.com\/en\/wp-json\/wp\/v2\/types\/page"}],"author":[{"embeddable":true,"href":"https:\/\/wayoutlaspalmas.com\/en\/wp-json\/wp\/v2\/users\/1"}],"replies":[{"embeddable":true,"href":"https:\/\/wayoutlaspalmas.com\/en\/wp-json\/wp\/v2\/comments?post=1002"}],"version-history":[{"count":7,"href":"https:\/\/wayoutlaspalmas.com\/en\/wp-json\/wp\/v2\/pages\/1002\/revisions"}],"predecessor-version":[{"id":1018,"href":"https:\/\/wayoutlaspalmas.com\/en\/wp-json\/wp\/v2\/pages\/1002\/revisions\/1018"}],"wp:attachment":[{"href":"https:\/\/wayoutlaspalmas.com\/en\/wp-json\/wp\/v2\/media?parent=1002"}],"curies":[{"name":"wp","href":"https:\/\/api.w.org\/{rel}","templated":true}]}}