{"id":32,"date":"2017-07-31T18:07:01","date_gmt":"2017-07-31T16:07:01","guid":{"rendered":"https:\/\/wayoutlaspalmas.com\/?page_id=32"},"modified":"2023-05-31T23:33:42","modified_gmt":"2023-05-31T21:33:42","slug":"tarjeta-regalo","status":"publish","type":"page","link":"https:\/\/wayoutlaspalmas.com\/en\/tarjeta-regalo\/","title":{"rendered":"GIFT VOUCHER"},"content":{"rendered":"<div class=\"wpb-content-wrapper\">\n<div class=\"mk-page-section-wrapper\" data-mk-full-width=\"true\" data-mk-full-width-init=\"true\" data-mk-stretch-content=\"true\">\n\t<div id=\"page-section-1\" class=\"mk-page-section self-hosted   full_layout full-width-1 js-el js-master-row jupiter-donut-\"    data-intro-effect=\"false\">\n\n\t\t\t\n\t\t\t<div class=\"mk-page-section-inner\">\n\t\t\t\t\n\n\n<div class=\"mk-video-color-mask\"><\/div>\n\n\t\t\t\t\n\t\t\t\t\t\t\t<\/div>\n\n\t\t\t\n        <div class=\"page-section-content vc_row-fluid mk-grid\" >\n            <div class=\"mk-padding-wrapper wpb_row\">\n<div class=\"vc_col-sm-3 wpb_column column_container  jupiter-donut- _ jupiter-donut-height-full\">\n\t<\/div>\n\n<div class=\"vc_col-sm-6 wpb_column column_container  jupiter-donut- _ jupiter-donut-height-full\">\n\t<div  class=\"mk-image mk-image-4 jupiter-donut-  mk-image-lazyload align-center simple-frame inside-image\" style=\"margin-bottom:10px\"><div class=\"mk-image-container\" style=\"max-width: 321px;\"><div  class=\"mk-image-holder\" style=\"max-width: 321px;\"><div class=\"mk-image-inner\"><img loading=\"lazy\" decoding=\"async\" class=\"lightbox-false\" alt=\"regalo\" title=\"regalo\" width=\"321\" height=\"321\" src=\"https:\/\/wayoutlaspalmas.com\/wp-content\/uploads\/2017\/08\/regalo.png\" \/><\/div><\/div><div class=\"clearboth\"><\/div><\/div><\/div><div id=\"divider-5\" class=\"mk-divider  jupiter-donut-  custom-width center thin_solid\">\n\n\t\t\t<div class=\"divider-inner\"><\/div>\n\t\n<\/div>\n<div class=\"clearboth\"><\/div>\n<\/div>\n\n<div class=\"vc_col-sm-3 wpb_column column_container  jupiter-donut- _ jupiter-donut-height-full\">\n\t<\/div>\n<\/div>\n            <div class=\"clearboth\"><\/div>\n        <\/div>\n\n\n\t\t\t\n\t\t\t\n\t\t\t\n\t\t<div class=\"clearboth\"><\/div>\n\t<\/div>\n<\/div>\n<div class=\"vc_row-full-width vc_clearfix\"><\/div>\n\n\n<div class=\"mk-page-section-wrapper\" data-mk-full-width=\"true\" data-mk-full-width-init=\"true\" data-mk-stretch-content=\"true\">\n\t<div id=\"page-section-7\" class=\"mk-page-section self-hosted   full_layout full-width-7 js-el js-master-row jupiter-donut-\"    data-intro-effect=\"false\">\n\n\t\t\t\n\t\t\t<div class=\"mk-page-section-inner\">\n\t\t\t\t\n\n\n<div class=\"mk-video-color-mask\"><\/div>\n\n\t\t\t\t\n\t\t\t\t\t\t\t<\/div>\n\n\t\t\t\n        <div class=\"page-section-content vc_row-fluid mk-grid\" >\n            <div class=\"mk-padding-wrapper wpb_row\">\n<div class=\"vc_col-sm-2 wpb_column column_container  jupiter-donut- _ jupiter-donut-height-full\">\n\t<\/div>\n\n<div class=\"vc_col-sm-8 wpb_column column_container  jupiter-donut- _ jupiter-donut-height-full\">\n\t\t<div class=\"vc_custom_1679627640111\">\n\n<div id=\"text-block-10\" class=\"mk-text-block  jupiter-donut-\">\n\n\t\n\t<p>If you already have a gift voucher, go to the section <a href=\"https:\/\/wayoutlaspalmas.com\/en\/nuestros-juegos\/\"><strong>OUR GAMES<\/strong><\/a> and make a regular reservation. The voucher will work with any of our games. Make sure to choose the <strong>number of players<\/strong> correct one. You will be able to use the code from your voucher before completing the reservation.<\/p>\n\n\t<div class=\"clearboth\"><\/div>\n<\/div>\n\n\t<\/div>\n<\/div>\n\n<div class=\"vc_col-sm-2 wpb_column column_container  jupiter-donut- _ jupiter-donut-height-full\">\n\t<\/div>\n<\/div>\n            <div class=\"clearboth\"><\/div>\n        <\/div>\n\n\n\t\t\t\n\t\t\t\n\t\t\t\n\t\t<div class=\"clearboth\"><\/div>\n\t<\/div>\n<\/div>\n<div class=\"vc_row-full-width vc_clearfix\"><\/div>\n\n\n<div  data-mk-stretch-content=\"true\" class=\"wpb_row vc_row vc_row-fluid jupiter-donut- mk-fullwidth-false  attched-false     js-master-row  mk-grid\">\n\t\t\t\t\n<div class=\"vc_col-sm-12 wpb_column column_container  jupiter-donut- _ jupiter-donut-height-full\">\n\t<div id=\"divider-13\" class=\"mk-divider  jupiter-donut-   divider_full_width center double_dot\">\n\n\t\t\t<div class=\"divider-inner\"><\/div>\n\t\n<\/div>\n<div class=\"clearboth\"><\/div>\n<\/div>\n\t<\/div>\n\n<div  data-mk-stretch-content=\"true\" class=\"wpb_row vc_row vc_row-fluid jupiter-donut- mk-fullwidth-false  attched-false     js-master-row  mk-grid\">\n\t\t\t\t\n<div class=\"vc_col-sm-2 wpb_column column_container  jupiter-donut- _ jupiter-donut-height-full\">\n\t<\/div>\n\n<div class=\"vc_col-sm-8 wpb_column column_container  jupiter-donut- _ jupiter-donut-height-full\">\n\t\n<h2 id=\"fancy-title-16\" class=\"mk-fancy-title  simple-style jupiter-donut-  color-single\">\n\t<span>\n\t\t\t\t<p>DO YOU WANT TO GIVE WAYOUT AS A GIFT?<\/p>\n\t\t\t<\/span>\n<\/h2>\n<div class=\"clearboth\"><\/div>\n\n\n\n<\/div>\n\n<div class=\"vc_col-sm-2 wpb_column column_container  jupiter-donut- _ jupiter-donut-height-full\">\n\t<\/div>\n\t<\/div>\n\n<div class=\"mk-page-section-wrapper\" data-mk-full-width=\"true\" data-mk-full-width-init=\"true\" data-mk-stretch-content=\"true\">\n\t<div id=\"page-section-18\" class=\"mk-page-section self-hosted   full_layout full-width-18 js-el js-master-row jupiter-donut-\"    data-intro-effect=\"false\">\n\n\t\t\t\n\t\t\t<div class=\"mk-page-section-inner\">\n\t\t\t\t\n\n\n<div class=\"mk-video-color-mask\"><\/div>\n\n\t\t\t\t\n\t\t\t\t\t\t\t<\/div>\n\n\t\t\t\n        <div class=\"page-section-content vc_row-fluid mk-grid\" >\n            <div class=\"mk-padding-wrapper wpb_row\">\n<div class=\"vc_col-sm-6 wpb_column column_container  jupiter-donut- _ jupiter-donut-height-full\">\n\t\n<div class=\"mk-moving-image  mk-animate-element left-to-right  jupiter-donut-align-left jupiter-donut-\">\n\n\t\n\t\t\t<img decoding=\"async\" class=\"mk-floating-horizontal\" alt=\"\" title=\"\" src=\"https:\/\/wayoutlaspalmas.com\/wp-content\/uploads\/2017\/07\/regalolaspalmas.png\" \/>\n\n\t<\/div>\n\n<div class=\"clearboth\"><\/div>\n<\/div>\n\n<div class=\"vc_col-sm-6 wpb_column column_container  jupiter-donut- _ jupiter-donut-height-full\">\n\t\n<h2 id=\"fancy-title-21\" class=\"mk-fancy-title  mk-animate-element right-to-left  simple-style jupiter-donut-  color-single\">\n\t<span>\n\t\t\t\t<p>A gift that will surely be a hit.<\/p>\n\t\t\t<\/span>\n<\/h2>\n<div class=\"clearboth\"><\/div>\n\n\n\n<div id=\"divider-22\" class=\"mk-divider  jupiter-donut-  custom-width left thin_solid\">\n\n\t\t\t<div class=\"divider-inner\"><\/div>\n\t\n<\/div>\n<div class=\"clearboth\"><\/div>\n\n<div id=\"list-23\" class=\"mk-list-styles  mk-animate-element right-to-left  mk-align-none  jupiter-donut- jupiter-donut-clear\" data-charcode=\"mk-icon-check\" data-family=\"\">\n\n\t\n\t<ul style=\"text-align: left;\">\n<li><svg  class=\"mk-svg-icon\" data-name=\"mk-icon-check\" data-cacheid=\"icon-6a04c749897f6\" style=\" height:16px; width: 16px; \"  xmlns=\"http:\/\/www.w3.org\/2000\/svg\" viewbox=\"0 0 1792 1792\"><path d=\"M1671 566q0 40-28 68l-724 724-136 136q-28 28-68 28t-68-28l-136-136-362-362q-28-28-28-68t28-68l136-136q28-28 68-28t68 28l294 295 656-657q28-28 68-28t68 28l136 136q28 28 28 68z\"\/><\/svg>Do you want to give something they will never forget?<\/li>\n<li><svg  class=\"mk-svg-icon\" data-name=\"mk-icon-check\" data-cacheid=\"icon-6a04c749897f6\" style=\" height:16px; width: 16px; \"  xmlns=\"http:\/\/www.w3.org\/2000\/svg\" viewbox=\"0 0 1792 1792\"><path d=\"M1671 566q0 40-28 68l-724 724-136 136q-28 28-68 28t-68-28l-136-136-362-362q-28-28-28-68t28-68l136-136q28-28 68-28t68 28l294 295 656-657q28-28 68-28t68 28l136 136q28 28 28 68z\"\/><\/svg>Does that person enjoy doing things with their friends?<\/li>\n<li><svg  class=\"mk-svg-icon\" data-name=\"mk-icon-check\" data-cacheid=\"icon-6a04c749897f6\" style=\" height:16px; width: 16px; \"  xmlns=\"http:\/\/www.w3.org\/2000\/svg\" viewbox=\"0 0 1792 1792\"><path d=\"M1671 566q0 40-28 68l-724 724-136 136q-28 28-68 28t-68-28l-136-136-362-362q-28-28-28-68t28-68l136-136q28-28 68-28t68 28l294 295 656-657q28-28 68-28t68 28l136 136q28 28 28 68z\"\/><\/svg>Do you want to give a gift to your nieces and nephews but don't know what to give?<\/li>\n<li><svg  class=\"mk-svg-icon\" data-name=\"mk-icon-check\" data-cacheid=\"icon-6a04c749897f6\" style=\" height:16px; width: 16px; \"  xmlns=\"http:\/\/www.w3.org\/2000\/svg\" viewbox=\"0 0 1792 1792\"><path d=\"M1671 566q0 40-28 68l-724 724-136 136q-28 28-68 28t-68-28l-136-136-362-362q-28-28-28-68t28-68l136-136q28-28 68-28t68 28l294 295 656-657q28-28 68-28t68 28l136 136q28 28 28 68z\"\/><\/svg>Are you tired of them always returning the gifts you give?<\/li>\n<li><svg  class=\"mk-svg-icon\" data-name=\"mk-icon-check\" data-cacheid=\"icon-6a04c749897f6\" style=\" height:16px; width: 16px; \"  xmlns=\"http:\/\/www.w3.org\/2000\/svg\" viewbox=\"0 0 1792 1792\"><path d=\"M1671 566q0 40-28 68l-724 724-136 136q-28 28-68 28t-68-28l-136-136-362-362q-28-28-28-68t28-68l136-136q28-28 68-28t68 28l294 295 656-657q28-28 68-28t68 28l136 136q28 28 28 68z\"\/><\/svg>Do you think they have everything and don't know how to make the right choice?<\/li>\n<\/ul>\n\n<\/div>\n\t<div class=\"vc_custom_1685568812774\">\n\n<div id=\"text-block-24\" class=\"mk-text-block  jupiter-donut-\">\n\n\t\n\t<p style=\"text-align: center;\">THE VOUCHER IS VALID FOR ALL OUR GAMES!<\/p>\n<p style=\"text-align: center;\">IT'S VALID FOR ONE YEAR<\/p>\n<p style=\"text-align: center;\">JUST CHOOSE THE NUMBER OF PLAYERS<\/p>\n\n\t<div class=\"clearboth\"><\/div>\n<\/div>\n\n\t<\/div>\n\n\n<div class=\"wpb_row vc_inner vc_row vc_row-fluid jupiter-donut-   attched-false\">\n\t\t\t<div class=\"wpb_column vc_column_container vc_col-sm-3\"><div class=\"vc_column-inner\"><div class=\"wpb_wrapper\"><\/div><\/div><\/div><div class=\"wpb_column vc_column_container vc_col-sm-6\"><div class=\"vc_column-inner\"><div class=\"wpb_wrapper\"><div class=\"vc_btn3-container vc_btn3-center vc_do_btn\" ><button class=\"vc_general vc_btn3 vc_btn3-size-lg vc_btn3-shape-round vc_btn3-style-classic vc_btn3-color-success\" onclick=\"&lt;link rel=&#039;stylesheet&#039; href=&#039;https:\/\/www.planyo.com\/li.css&#039;&gt;&lt;script type=&#039;text\/javascript&#039; src=&#039;https:\/\/www.planyo.com\/li.js?v=3&#039;&gt;&lt;\/script&gt; &lt;a href=&quot;javascript:planyo_show_plugin_lightbox(&#039;https:\/\/www.planyo.com\/coupons.php?calendar=63027&amp;planyo_lang=ES&#039;)&quot;&gt;COMPRAR BONO&lt;\/a&gt;\"> <a href=\"\/\/www.planyo.com\/coupons.php?calendar=63027&amp;planyo_lang=ES')\">BUY VOUCHER<\/a><\/button><\/div><\/div><\/div><\/div><div class=\"wpb_column vc_column_container vc_col-sm-3\"><div class=\"vc_column-inner\"><div class=\"wpb_wrapper\"><\/div><\/div><\/div>\t<\/div>\n<\/div>\n<\/div>\n            <div class=\"clearboth\"><\/div>\n        <\/div>\n\n\n\t\t\t\n\t\t\t\n\t\t\t\n\t\t<div class=\"clearboth\"><\/div>\n\t<\/div>\n<\/div>\n<div class=\"vc_row-full-width vc_clearfix\"><\/div>\n\n\n<div  data-mk-stretch-content=\"true\" class=\"wpb_row vc_row vc_row-fluid jupiter-donut- mk-fullwidth-false  attched-false     js-master-row  mk-grid\">\n\t\t\t\t\n<div class=\"vc_col-sm-12 wpb_column column_container  jupiter-donut- _ jupiter-donut-height-full\">\n\t\n<div id=\"padding-26\" class=\"mk-padding-divider jupiter-donut-  jupiter-donut-clearfix\"><\/div>\n\n<\/div>\n\t<\/div>\n\n<\/div>","protected":false},"excerpt":{"rendered":"Si ya cuentas con un bono regalo ve al apartado NUESTROS JUEGOS y haz una reserva normal. El bono funcionar\u00e1 con cualquiera de nuestros juegos. Aseg\u00farate de elegir el n\u00famero de jugadores correcto. Podr\u00e1s usar el c\u00f3digo de tu bono antes de completar la reserva. \u00bfQUIERES REGALAR WAYOUT? Un regalo con el que acertar\u00e1s seguro [...]","protected":false},"author":1,"featured_media":0,"parent":0,"menu_order":0,"comment_status":"closed","ping_status":"closed","template":"","meta":{"_joinchat":[],"footnotes":""},"class_list":["post-32","page","type-page","status-publish","hentry"],"yoast_head":"<!-- This site is optimized with the Yoast SEO plugin v27.1.1 - https:\/\/yoast.com\/product\/yoast-seo-wordpress\/ -->\n<title>BONO REGALO - Wayout Room escape Las Palmas<\/title>\n<meta name=\"robots\" content=\"index, follow, max-snippet:-1, max-image-preview:large, max-video-preview:-1\" \/>\n<link rel=\"canonical\" href=\"https:\/\/wayoutlaspalmas.com\/en\/tarjeta-regalo\/\" \/>\n<meta property=\"og:locale\" content=\"en_GB\" \/>\n<meta property=\"og:type\" content=\"article\" \/>\n<meta property=\"og:title\" content=\"BONO REGALO - Wayout Room escape Las Palmas\" \/>\n<meta property=\"og:url\" content=\"https:\/\/wayoutlaspalmas.com\/en\/tarjeta-regalo\/\" \/>\n<meta property=\"og:site_name\" content=\"Wayout Room escape Las Palmas\" \/>\n<meta property=\"article:publisher\" content=\"http:\/\/www.facebook.com\/wayoutlaspalmas\" \/>\n<meta property=\"article:modified_time\" content=\"2023-05-31T21:33:42+00:00\" \/>\n<meta name=\"twitter:card\" content=\"summary_large_image\" \/>\n<meta name=\"twitter:label1\" content=\"Estimated reading time\" \/>\n\t<meta name=\"twitter:data1\" content=\"1 minute\" \/>\n<script type=\"application\/ld+json\" class=\"yoast-schema-graph\">{\"@context\":\"https:\/\/schema.org\",\"@graph\":[{\"@type\":\"WebPage\",\"@id\":\"https:\/\/wayoutlaspalmas.com\/tarjeta-regalo\/\",\"url\":\"https:\/\/wayoutlaspalmas.com\/tarjeta-regalo\/\",\"name\":\"BONO REGALO - Wayout Room escape Las Palmas\",\"isPartOf\":{\"@id\":\"https:\/\/wayoutlaspalmas.com\/#website\"},\"datePublished\":\"2017-07-31T16:07:01+00:00\",\"dateModified\":\"2023-05-31T21:33:42+00:00\",\"breadcrumb\":{\"@id\":\"https:\/\/wayoutlaspalmas.com\/tarjeta-regalo\/#breadcrumb\"},\"inLanguage\":\"en-GB\",\"potentialAction\":[{\"@type\":\"ReadAction\",\"target\":[\"https:\/\/wayoutlaspalmas.com\/tarjeta-regalo\/\"]}]},{\"@type\":\"BreadcrumbList\",\"@id\":\"https:\/\/wayoutlaspalmas.com\/tarjeta-regalo\/#breadcrumb\",\"itemListElement\":[{\"@type\":\"ListItem\",\"position\":1,\"name\":\"Portada\",\"item\":\"https:\/\/wayoutlaspalmas.com\/\"},{\"@type\":\"ListItem\",\"position\":2,\"name\":\"BONO REGALO\"}]},{\"@type\":\"WebSite\",\"@id\":\"https:\/\/wayoutlaspalmas.com\/#website\",\"url\":\"https:\/\/wayoutlaspalmas.com\/\",\"name\":\"Wayout Room escape Las Palmas\",\"description\":\"Juego de escape en vivo\",\"publisher\":{\"@id\":\"https:\/\/wayoutlaspalmas.com\/#organization\"},\"potentialAction\":[{\"@type\":\"SearchAction\",\"target\":{\"@type\":\"EntryPoint\",\"urlTemplate\":\"https:\/\/wayoutlaspalmas.com\/?s={search_term_string}\"},\"query-input\":{\"@type\":\"PropertyValueSpecification\",\"valueRequired\":true,\"valueName\":\"search_term_string\"}}],\"inLanguage\":\"en-GB\"},{\"@type\":\"Organization\",\"@id\":\"https:\/\/wayoutlaspalmas.com\/#organization\",\"name\":\"Wayout Las Palmas\",\"url\":\"https:\/\/wayoutlaspalmas.com\/\",\"logo\":{\"@type\":\"ImageObject\",\"inLanguage\":\"en-GB\",\"@id\":\"https:\/\/wayoutlaspalmas.com\/#\/schema\/logo\/image\/\",\"url\":\"https:\/\/wayoutlaspalmas.com\/wp-content\/uploads\/2017\/07\/logolaspalmas-01.png\",\"contentUrl\":\"https:\/\/wayoutlaspalmas.com\/wp-content\/uploads\/2017\/07\/logolaspalmas-01.png\",\"width\":144,\"height\":124,\"caption\":\"Wayout Las Palmas\"},\"image\":{\"@id\":\"https:\/\/wayoutlaspalmas.com\/#\/schema\/logo\/image\/\"},\"sameAs\":[\"http:\/\/www.facebook.com\/wayoutlaspalmas\",\"http:\/\/www.instagram.com\/wayoutlaspalmas\",\"https:\/\/www.youtube.com\/channel\/UCFW6XCRzJLUEeXkZmX0gKhA\"]}]}<\/script>\n<!-- \/ Yoast SEO plugin. -->","yoast_head_json":{"title":"BONO REGALO - Wayout Room escape Las Palmas","robots":{"index":"index","follow":"follow","max-snippet":"max-snippet:-1","max-image-preview":"max-image-preview:large","max-video-preview":"max-video-preview:-1"},"canonical":"https:\/\/wayoutlaspalmas.com\/en\/tarjeta-regalo\/","og_locale":"en_GB","og_type":"article","og_title":"BONO REGALO - Wayout Room escape Las Palmas","og_url":"https:\/\/wayoutlaspalmas.com\/en\/tarjeta-regalo\/","og_site_name":"Wayout Room escape Las Palmas","article_publisher":"http:\/\/www.facebook.com\/wayoutlaspalmas","article_modified_time":"2023-05-31T21:33:42+00:00","twitter_card":"summary_large_image","twitter_misc":{"Estimated reading time":"1 minute"},"schema":{"@context":"https:\/\/schema.org","@graph":[{"@type":"WebPage","@id":"https:\/\/wayoutlaspalmas.com\/tarjeta-regalo\/","url":"https:\/\/wayoutlaspalmas.com\/tarjeta-regalo\/","name":"BONO REGALO - Wayout Room escape Las Palmas","isPartOf":{"@id":"https:\/\/wayoutlaspalmas.com\/#website"},"datePublished":"2017-07-31T16:07:01+00:00","dateModified":"2023-05-31T21:33:42+00:00","breadcrumb":{"@id":"https:\/\/wayoutlaspalmas.com\/tarjeta-regalo\/#breadcrumb"},"inLanguage":"en-GB","potentialAction":[{"@type":"ReadAction","target":["https:\/\/wayoutlaspalmas.com\/tarjeta-regalo\/"]}]},{"@type":"BreadcrumbList","@id":"https:\/\/wayoutlaspalmas.com\/tarjeta-regalo\/#breadcrumb","itemListElement":[{"@type":"ListItem","position":1,"name":"Portada","item":"https:\/\/wayoutlaspalmas.com\/"},{"@type":"ListItem","position":2,"name":"BONO REGALO"}]},{"@type":"WebSite","@id":"https:\/\/wayoutlaspalmas.com\/#website","url":"https:\/\/wayoutlaspalmas.com\/","name":"Wayout Room escape Las Palmas","description":"Juego de escape en vivo","publisher":{"@id":"https:\/\/wayoutlaspalmas.com\/#organization"},"potentialAction":[{"@type":"SearchAction","target":{"@type":"EntryPoint","urlTemplate":"https:\/\/wayoutlaspalmas.com\/?s={search_term_string}"},"query-input":{"@type":"PropertyValueSpecification","valueRequired":true,"valueName":"search_term_string"}}],"inLanguage":"en-GB"},{"@type":"Organization","@id":"https:\/\/wayoutlaspalmas.com\/#organization","name":"Wayout Las Palmas","url":"https:\/\/wayoutlaspalmas.com\/","logo":{"@type":"ImageObject","inLanguage":"en-GB","@id":"https:\/\/wayoutlaspalmas.com\/#\/schema\/logo\/image\/","url":"https:\/\/wayoutlaspalmas.com\/wp-content\/uploads\/2017\/07\/logolaspalmas-01.png","contentUrl":"https:\/\/wayoutlaspalmas.com\/wp-content\/uploads\/2017\/07\/logolaspalmas-01.png","width":144,"height":124,"caption":"Wayout Las Palmas"},"image":{"@id":"https:\/\/wayoutlaspalmas.com\/#\/schema\/logo\/image\/"},"sameAs":["http:\/\/www.facebook.com\/wayoutlaspalmas","http:\/\/www.instagram.com\/wayoutlaspalmas","https:\/\/www.youtube.com\/channel\/UCFW6XCRzJLUEeXkZmX0gKhA"]}]}},"_links":{"self":[{"href":"https:\/\/wayoutlaspalmas.com\/en\/wp-json\/wp\/v2\/pages\/32","targetHints":{"allow":["GET"]}}],"collection":[{"href":"https:\/\/wayoutlaspalmas.com\/en\/wp-json\/wp\/v2\/pages"}],"about":[{"href":"https:\/\/wayoutlaspalmas.com\/en\/wp-json\/wp\/v2\/types\/page"}],"author":[{"embeddable":true,"href":"https:\/\/wayoutlaspalmas.com\/en\/wp-json\/wp\/v2\/users\/1"}],"replies":[{"embeddable":true,"href":"https:\/\/wayoutlaspalmas.com\/en\/wp-json\/wp\/v2\/comments?post=32"}],"version-history":[{"count":64,"href":"https:\/\/wayoutlaspalmas.com\/en\/wp-json\/wp\/v2\/pages\/32\/revisions"}],"predecessor-version":[{"id":877,"href":"https:\/\/wayoutlaspalmas.com\/en\/wp-json\/wp\/v2\/pages\/32\/revisions\/877"}],"wp:attachment":[{"href":"https:\/\/wayoutlaspalmas.com\/en\/wp-json\/wp\/v2\/media?parent=32"}],"curies":[{"name":"wp","href":"https:\/\/api.w.org\/{rel}","templated":true}]}}