{"id":37,"date":"2017-07-31T18:12:45","date_gmt":"2017-07-31T16:12:45","guid":{"rendered":"https:\/\/wayoutlaspalmas.com\/?page_id=37"},"modified":"2023-02-12T23:18:18","modified_gmt":"2023-02-12T21:18:18","slug":"donde-estamos","status":"publish","type":"page","link":"https:\/\/wayoutlaspalmas.com\/en\/donde-estamos\/","title":{"rendered":"OUR LOCATION"},"content":{"rendered":"<div class=\"wpb-content-wrapper\">\n<div  data-mk-full-width=\"true\" data-mk-full-width-init=\"false\" data-mk-stretch-content=\"true\" class=\"wpb_row vc_row vc_row-fluid jupiter-donut- mk-fullwidth-true  attched-false     js-master-row  mk-full-content-true\">\n\t\t\t\t\n<div class=\"vc_col-sm-12 wpb_column column_container  jupiter-donut- _ jupiter-donut-height-full\">\n\t<div class=\"wpb_gmaps_widget wpb_content_element\"><div class=\"wpb_wrapper\"><div class=\"wpb_map_wraper\"><iframe loading=\"lazy\" src=\"https:\/\/www.google.com\/maps\/embed?pb=!1m18!1m12!1m3!1d1479.2793593994568!2d-15.429635664081655!3d28.13616410826415!2m3!1f0!2f0!3f0!3m2!1i1024!2i768!4f13.1!3m3!1m2!1s0xc40956b2f202483%3A0x767c95c2c5435e8e!2sWAYOUT+Room+Escape+Las+Palmas!5e0!3m2!1ses!2ses!4v1502561323794\" width=\"800\" height=\"350\" frameborder=\"0\" style=\"border:0\" allowfullscreen><\/iframe><\/div><\/div><\/div><\/div>\n\t<\/div>\n<div class=\"vc_row-full-width vc_clearfix\"><\/div>\n<div  data-mk-stretch-content=\"true\" class=\"wpb_row vc_row vc_row-fluid jupiter-donut- mk-fullwidth-false  attched-false     js-master-row  mk-grid\">\n\t\t\t\t\n<div class=\"vc_col-sm-12 wpb_column column_container  jupiter-donut- _ jupiter-donut-height-full\">\n\t\n<div id=\"padding-3\" class=\"mk-padding-divider jupiter-donut-  jupiter-donut-clearfix\"><\/div>\n\n\n<h2 id=\"fancy-title-4\" class=\"mk-fancy-title  simple-style jupiter-donut-  color-single\">\n\t<span>\n\t\t\t\t<h2 style=\"text-align: center;\">DO YOU WANT TO KNOW SOMETHING ELSE?<\/h2>\n\t\t\t<\/span>\n<\/h2>\n<div class=\"clearboth\"><\/div>\n\n\n\n<div id=\"divider-5\" class=\"mk-divider  jupiter-donut-  custom-width center thin_solid\">\n\n\t\t\t<div class=\"divider-inner\"><\/div>\n\t\n<\/div>\n<div class=\"clearboth\"><\/div>\n\n\n<div class=\"wpb_row vc_inner vc_row vc_row-fluid jupiter-donut-   attched-false\">\n\t\t\t<div class=\"wpb_column vc_column_container vc_col-sm-3\"><div class=\"vc_column-inner\"><div class=\"wpb_wrapper\">\n<div id=\"text-block-6\" class=\"mk-text-block  jupiter-donut-\">\n\n\t\n\t\n\t<div class=\"clearboth\"><\/div>\n<\/div>\n\n<\/div><\/div><\/div><div class=\"wpb_column vc_column_container vc_col-sm-6\"><div class=\"vc_column-inner\"><div class=\"wpb_wrapper\">\t<div class=\"vc_custom_1676236608228\">\n\n<div id=\"text-block-7\" class=\"mk-text-block  jupiter-donut-\">\n\n\t\n\t<h5 style=\"text-align: center;\"><span style=\"color: #333333;\">Write or call us if you have any questions or if you want to schedule an appointment with us for something special. Thank you!<\/span><\/h5>\n\n\t<div class=\"clearboth\"><\/div>\n<\/div>\n\n\t<\/div>\n<\/div><\/div><\/div><div class=\"wpb_column vc_column_container vc_col-sm-3\"><div class=\"vc_column-inner\"><div class=\"wpb_wrapper\">\n<div id=\"text-block-8\" class=\"mk-text-block  jupiter-donut-\">\n\n\t\n\t\n\t<div class=\"clearboth\"><\/div>\n<\/div>\n\n<\/div><\/div><\/div>\t<\/div>\n\n<div id=\"padding-9\" class=\"mk-padding-divider jupiter-donut-  jupiter-donut-clearfix\"><\/div>\n\n<\/div>\n\t<\/div>\n\n<div  data-mk-stretch-content=\"true\" class=\"wpb_row vc_row vc_row-fluid jupiter-donut- mk-fullwidth-false  attched-false     js-master-row  mk-grid\">\n\t\t\t\t\n<div class=\"vc_col-sm-6 wpb_column column_container  jupiter-donut- _ jupiter-donut-height-full\">\n\t\n<div id=\"box-icon-11\" class=\"mk-box-icon  jupiter-donut- boxed-style   jupiter-donut-clearfix\">\n\n    <div class=\"icon-box-boxed left\">\n\n\t<i class=\"mk-main-ico\"><svg  class=\"mk-svg-icon\" data-name=\"mk-li-paper-plane\" data-cacheid=\"icon-6a04c77ddb3c8\" xmlns=\"http:\/\/www.w3.org\/2000\/svg\" viewbox=\"0 0 512 512\"><path d=\"M500.144 23.254c-4.966-3.319-11.381-3.533-16.561-.556l-470.826 271.233c-5.464 3.142-8.514 9.242-7.748 15.496.767 6.261 5.196 11.45 11.258 13.182l137.494 39.43 64.85 121.07c2.59 4.851 7.533 7.978 13.021 8.269.268.016.544.016.812.016 5.188 0 10.062-2.568 12.997-6.897l47.124-69.563.414.253 4.568-7.602 2.705-3.985 135.371 38.456c4.392 1.256 9.097.536 12.913-1.978 3.809-2.506 6.346-6.545 6.936-11.066l51.5-390.664c.782-5.921-1.862-11.776-6.828-15.094zm-266.129 422.142l-51.799-96.716 154.431-127.638c6.683-5.525 7.618-15.412 2.1-22.094-5.526-6.691-15.428-7.618-22.102-2.1l-160.999 133.08-95.136-27.283 403.101-232.221-192.45 320.131-37.146 54.841zm192.711-38.502l-109.981-31.252 146.146-243.111-36.165 274.363z\"\/><\/svg><\/i><h4 class=\"icon-box-title\">\n     <\/h4>\n\n\n<h5>CALL US OR WRITE TO US:<\/h5>\n<p style=\"text-align: left;\"><strong>601 209 744<\/strong><\/p>\n<p style=\"text-align: left;\"><strong>wayoutlaspalmas@gmail.com<\/strong><\/p>\n\n\t<div class=\"clearboth\"><\/div>\n<\/div>\n\n\n\n    <div class=\"clearboth\"><\/div>\n<\/div>\n\n\n\n\n<\/div>\n\n<div class=\"vc_col-sm-6 wpb_column column_container  jupiter-donut- _ jupiter-donut-height-full\">\n\t\n<div id=\"box-icon-13\" class=\"mk-box-icon  jupiter-donut- boxed-style   jupiter-donut-clearfix\">\n\n    <div class=\"icon-box-boxed left\">\n\n\t<i class=\"mk-main-ico\"><svg  class=\"mk-svg-icon\" data-name=\"mk-moon-location-6\" data-cacheid=\"icon-6a04c77ddb8a0\" xmlns=\"http:\/\/www.w3.org\/2000\/svg\" viewbox=\"0 0 512 512\"><path d=\"M256 0c-106.039 0-192 85.961-192 192 0 192 192 320 192 320s192-128 192-320c0-106.039-85.961-192-192-192zm66.991 396.373c-24.718 29.093-49.755 51.45-66.991 65.485-17.237-14.035-42.274-36.394-66.991-65.485-25.119-29.564-45.03-60.251-59.181-91.204-17.139-37.485-25.828-75.562-25.828-113.169 0-40.601 15.811-78.771 44.52-107.48s66.879-44.52 107.48-44.52c40.602 0 78.771 15.811 107.48 44.52s44.52 66.879 44.52 107.48c0 37.607-8.689 75.684-25.827 113.169-14.152 30.953-34.063 61.64-59.182 91.204zm-66.991-300.373c-35.346 0-64 28.654-64 64s28.654 64 64 64c35.347 0 64-28.654 64-64s-28.653-64-64-64zm0 96c-17.673 0-32-14.327-32-32s14.327-32 32-32c17.673 0 32 14.327 32 32s-14.327 32-32 32z\"\/><\/svg><\/i><h4 class=\"icon-box-title\">\n     <\/h4>\n\n\n<h5>Address:<\/h5>\n<h5 style=\"text-align: left;\">C\/ Ruiz de Alda, 6 Local A<\/h5>\n<h5 style=\"text-align: left;\">35007 Las Palmas de Gran Canaria<\/h5>\n\n\t<div class=\"clearboth\"><\/div>\n<\/div>\n\n\n\n    <div class=\"clearboth\"><\/div>\n<\/div>\n\n\n\n\n<\/div>\n\t<\/div>\n\n<div  data-mk-stretch-content=\"true\" class=\"wpb_row vc_row vc_row-fluid jupiter-donut- mk-fullwidth-false  attched-false     js-master-row  mk-grid\">\n\t\t\t\t\n<div class=\"vc_col-sm-12 wpb_column column_container  jupiter-donut- _ jupiter-donut-height-full\">\n\t\n<div id=\"padding-15\" class=\"mk-padding-divider jupiter-donut-  jupiter-donut-clearfix\"><\/div>\n\n<\/div>\n\t<\/div>\n\n<\/div>","protected":false},"excerpt":{"rendered":"\u00bfQUIERES SABER ALGO M\u00c1S? Escr\u00edbenos o ll\u00e1manos si tienes alguna duda\u00a0o si quieres concertar una cita con nosotros para hacer algo especial. \u00a1Gracias! LL\u00c1MANOS O ESCR\u00cdBENOS: 601 209 744 wayoutlaspalmas@gmail.com Direcci\u00f3n: C\/ Ruiz de Alda, 6 Local A 35007 Las Palmas de Gran Canaria","protected":false},"author":1,"featured_media":0,"parent":0,"menu_order":0,"comment_status":"closed","ping_status":"closed","template":"","meta":{"_joinchat":[],"footnotes":""},"class_list":["post-37","page","type-page","status-publish","hentry"],"yoast_head":"<!-- This site is optimized with the Yoast SEO plugin v27.1.1 - https:\/\/yoast.com\/product\/yoast-seo-wordpress\/ -->\n<title>DONDE ESTAMOS - Wayout Room escape Las Palmas<\/title>\n<meta name=\"robots\" content=\"index, follow, max-snippet:-1, max-image-preview:large, max-video-preview:-1\" \/>\n<link rel=\"canonical\" href=\"https:\/\/wayoutlaspalmas.com\/en\/donde-estamos\/\" \/>\n<meta property=\"og:locale\" content=\"en_GB\" \/>\n<meta property=\"og:type\" content=\"article\" \/>\n<meta property=\"og:title\" content=\"DONDE ESTAMOS - Wayout Room escape Las Palmas\" \/>\n<meta property=\"og:url\" content=\"https:\/\/wayoutlaspalmas.com\/en\/donde-estamos\/\" \/>\n<meta property=\"og:site_name\" content=\"Wayout Room escape Las Palmas\" \/>\n<meta property=\"article:publisher\" content=\"http:\/\/www.facebook.com\/wayoutlaspalmas\" \/>\n<meta property=\"article:modified_time\" content=\"2023-02-12T21:18:18+00:00\" \/>\n<meta name=\"twitter:card\" content=\"summary_large_image\" \/>\n<meta name=\"twitter:label1\" content=\"Estimated reading time\" \/>\n\t<meta name=\"twitter:data1\" content=\"1 minute\" \/>\n<script type=\"application\/ld+json\" class=\"yoast-schema-graph\">{\"@context\":\"https:\/\/schema.org\",\"@graph\":[{\"@type\":\"WebPage\",\"@id\":\"https:\/\/wayoutlaspalmas.com\/donde-estamos\/\",\"url\":\"https:\/\/wayoutlaspalmas.com\/donde-estamos\/\",\"name\":\"DONDE ESTAMOS - Wayout Room escape Las Palmas\",\"isPartOf\":{\"@id\":\"https:\/\/wayoutlaspalmas.com\/#website\"},\"datePublished\":\"2017-07-31T16:12:45+00:00\",\"dateModified\":\"2023-02-12T21:18:18+00:00\",\"breadcrumb\":{\"@id\":\"https:\/\/wayoutlaspalmas.com\/donde-estamos\/#breadcrumb\"},\"inLanguage\":\"en-GB\",\"potentialAction\":[{\"@type\":\"ReadAction\",\"target\":[\"https:\/\/wayoutlaspalmas.com\/donde-estamos\/\"]}]},{\"@type\":\"BreadcrumbList\",\"@id\":\"https:\/\/wayoutlaspalmas.com\/donde-estamos\/#breadcrumb\",\"itemListElement\":[{\"@type\":\"ListItem\",\"position\":1,\"name\":\"Portada\",\"item\":\"https:\/\/wayoutlaspalmas.com\/\"},{\"@type\":\"ListItem\",\"position\":2,\"name\":\"DONDE ESTAMOS\"}]},{\"@type\":\"WebSite\",\"@id\":\"https:\/\/wayoutlaspalmas.com\/#website\",\"url\":\"https:\/\/wayoutlaspalmas.com\/\",\"name\":\"Wayout Room escape Las Palmas\",\"description\":\"Juego de escape en vivo\",\"publisher\":{\"@id\":\"https:\/\/wayoutlaspalmas.com\/#organization\"},\"potentialAction\":[{\"@type\":\"SearchAction\",\"target\":{\"@type\":\"EntryPoint\",\"urlTemplate\":\"https:\/\/wayoutlaspalmas.com\/?s={search_term_string}\"},\"query-input\":{\"@type\":\"PropertyValueSpecification\",\"valueRequired\":true,\"valueName\":\"search_term_string\"}}],\"inLanguage\":\"en-GB\"},{\"@type\":\"Organization\",\"@id\":\"https:\/\/wayoutlaspalmas.com\/#organization\",\"name\":\"Wayout Las Palmas\",\"url\":\"https:\/\/wayoutlaspalmas.com\/\",\"logo\":{\"@type\":\"ImageObject\",\"inLanguage\":\"en-GB\",\"@id\":\"https:\/\/wayoutlaspalmas.com\/#\/schema\/logo\/image\/\",\"url\":\"https:\/\/wayoutlaspalmas.com\/wp-content\/uploads\/2017\/07\/logolaspalmas-01.png\",\"contentUrl\":\"https:\/\/wayoutlaspalmas.com\/wp-content\/uploads\/2017\/07\/logolaspalmas-01.png\",\"width\":144,\"height\":124,\"caption\":\"Wayout Las Palmas\"},\"image\":{\"@id\":\"https:\/\/wayoutlaspalmas.com\/#\/schema\/logo\/image\/\"},\"sameAs\":[\"http:\/\/www.facebook.com\/wayoutlaspalmas\",\"http:\/\/www.instagram.com\/wayoutlaspalmas\",\"https:\/\/www.youtube.com\/channel\/UCFW6XCRzJLUEeXkZmX0gKhA\"]}]}<\/script>\n<!-- \/ Yoast SEO plugin. -->","yoast_head_json":{"title":"DONDE ESTAMOS - Wayout Room escape Las Palmas","robots":{"index":"index","follow":"follow","max-snippet":"max-snippet:-1","max-image-preview":"max-image-preview:large","max-video-preview":"max-video-preview:-1"},"canonical":"https:\/\/wayoutlaspalmas.com\/en\/donde-estamos\/","og_locale":"en_GB","og_type":"article","og_title":"DONDE ESTAMOS - Wayout Room escape Las Palmas","og_url":"https:\/\/wayoutlaspalmas.com\/en\/donde-estamos\/","og_site_name":"Wayout Room escape Las Palmas","article_publisher":"http:\/\/www.facebook.com\/wayoutlaspalmas","article_modified_time":"2023-02-12T21:18:18+00:00","twitter_card":"summary_large_image","twitter_misc":{"Estimated reading time":"1 minute"},"schema":{"@context":"https:\/\/schema.org","@graph":[{"@type":"WebPage","@id":"https:\/\/wayoutlaspalmas.com\/donde-estamos\/","url":"https:\/\/wayoutlaspalmas.com\/donde-estamos\/","name":"DONDE ESTAMOS - Wayout Room escape Las Palmas","isPartOf":{"@id":"https:\/\/wayoutlaspalmas.com\/#website"},"datePublished":"2017-07-31T16:12:45+00:00","dateModified":"2023-02-12T21:18:18+00:00","breadcrumb":{"@id":"https:\/\/wayoutlaspalmas.com\/donde-estamos\/#breadcrumb"},"inLanguage":"en-GB","potentialAction":[{"@type":"ReadAction","target":["https:\/\/wayoutlaspalmas.com\/donde-estamos\/"]}]},{"@type":"BreadcrumbList","@id":"https:\/\/wayoutlaspalmas.com\/donde-estamos\/#breadcrumb","itemListElement":[{"@type":"ListItem","position":1,"name":"Portada","item":"https:\/\/wayoutlaspalmas.com\/"},{"@type":"ListItem","position":2,"name":"DONDE ESTAMOS"}]},{"@type":"WebSite","@id":"https:\/\/wayoutlaspalmas.com\/#website","url":"https:\/\/wayoutlaspalmas.com\/","name":"Wayout Room escape Las Palmas","description":"Juego de escape en vivo","publisher":{"@id":"https:\/\/wayoutlaspalmas.com\/#organization"},"potentialAction":[{"@type":"SearchAction","target":{"@type":"EntryPoint","urlTemplate":"https:\/\/wayoutlaspalmas.com\/?s={search_term_string}"},"query-input":{"@type":"PropertyValueSpecification","valueRequired":true,"valueName":"search_term_string"}}],"inLanguage":"en-GB"},{"@type":"Organization","@id":"https:\/\/wayoutlaspalmas.com\/#organization","name":"Wayout Las Palmas","url":"https:\/\/wayoutlaspalmas.com\/","logo":{"@type":"ImageObject","inLanguage":"en-GB","@id":"https:\/\/wayoutlaspalmas.com\/#\/schema\/logo\/image\/","url":"https:\/\/wayoutlaspalmas.com\/wp-content\/uploads\/2017\/07\/logolaspalmas-01.png","contentUrl":"https:\/\/wayoutlaspalmas.com\/wp-content\/uploads\/2017\/07\/logolaspalmas-01.png","width":144,"height":124,"caption":"Wayout Las Palmas"},"image":{"@id":"https:\/\/wayoutlaspalmas.com\/#\/schema\/logo\/image\/"},"sameAs":["http:\/\/www.facebook.com\/wayoutlaspalmas","http:\/\/www.instagram.com\/wayoutlaspalmas","https:\/\/www.youtube.com\/channel\/UCFW6XCRzJLUEeXkZmX0gKhA"]}]}},"_links":{"self":[{"href":"https:\/\/wayoutlaspalmas.com\/en\/wp-json\/wp\/v2\/pages\/37","targetHints":{"allow":["GET"]}}],"collection":[{"href":"https:\/\/wayoutlaspalmas.com\/en\/wp-json\/wp\/v2\/pages"}],"about":[{"href":"https:\/\/wayoutlaspalmas.com\/en\/wp-json\/wp\/v2\/types\/page"}],"author":[{"embeddable":true,"href":"https:\/\/wayoutlaspalmas.com\/en\/wp-json\/wp\/v2\/users\/1"}],"replies":[{"embeddable":true,"href":"https:\/\/wayoutlaspalmas.com\/en\/wp-json\/wp\/v2\/comments?post=37"}],"version-history":[{"count":38,"href":"https:\/\/wayoutlaspalmas.com\/en\/wp-json\/wp\/v2\/pages\/37\/revisions"}],"predecessor-version":[{"id":422,"href":"https:\/\/wayoutlaspalmas.com\/en\/wp-json\/wp\/v2\/pages\/37\/revisions\/422"}],"wp:attachment":[{"href":"https:\/\/wayoutlaspalmas.com\/en\/wp-json\/wp\/v2\/media?parent=37"}],"curies":[{"name":"wp","href":"https:\/\/api.w.org\/{rel}","templated":true}]}}