{"id":77,"date":"2017-08-01T10:14:28","date_gmt":"2017-08-01T08:14:28","guid":{"rendered":"https:\/\/wayoutlaspalmas.com\/?page_id=77"},"modified":"2023-07-27T15:55:05","modified_gmt":"2023-07-27T13:55:05","slug":"politica-de-compras","status":"publish","type":"page","link":"https:\/\/wayoutlaspalmas.com\/en\/politica-de-compras\/","title":{"rendered":"Pol\u00edticas de compras y privacidad"},"content":{"rendered":"<p>RESERVAS Y PAGOS<\/p>\n<p>1. En el apartado Reservas el calendario muestra los d\u00edas y horas disponibles. Los d\u00edas u horas no disponibles aparecen en rosa o en gris.<\/p>\n<p>2. Para reservar es necesario indicar tu nombre, direcci\u00f3n de correo electr\u00f3nico y tel\u00e9fono de contacto en el momento de la reserva, en caso de que los datos de contacto aportados por el usuario sean err\u00f3neos o falsos (nombre, tel\u00e9fono y e-mail), Wayout no se responsabiliza de los problemas derivados de no poder contactar con el usuario para confirmar la reserva, para informar de novedades o de imprevistos relacionados con la reserva.<\/p>\n<p>3. Wayout acepta pagos con tarjeta de cr\u00e9dito. Si desea hacer transferencia debe llamarnos al tel\u00e9fono de reservas 601209744 o por correo electr\u00f3nico a\u00a0<a href=\"mailto:reservas@wayoutlaspalmas.com\">reservas@wayoutlaspalmas.com<\/a>. Nosotros bloquearemos la hora deseada una vez recibamos la transferencia.<\/p>\n<p>4. Desde Wayout recibir\u00e1 un correo electr\u00f3nico de confirmaci\u00f3n al usuario, con los datos de la reserva, este correo se env\u00eda a la direcci\u00f3n de correo electr\u00f3nico proporcionada por el usuario durante el proceso de registro. Si este correo no es recibido, el usuario debe ponerse en contacto con Wayout a trav\u00e9s de cualquiera de los medios de la p\u00e1gina de contacto.<\/p>\n<p>5. Cualquier jugador con condici\u00f3n f\u00edsica especial como estar embarazada, tener claustrofobia, problemas de movilidad, de coraz\u00f3n, de visi\u00f3n etc deber\u00e1 avisarnos de dicho problema antes de reservar. Los juegos tienen algunos espacios peque\u00f1os, luces estrobosc\u00f3picas y luces UV.<\/p>\n<p>POL\u00cdTICA DE CAMBIOS Y CANCELACIONES<\/p>\n<p>1. S\u00f3lo se podr\u00e1 efectuar un cambio de fecha\u00a0con 2 d\u00edas (48 horas) de antelaci\u00f3n.<\/p>\n<p>2. En ning\u00fan caso se devolver\u00e1 el dinero.<\/p>\n<p>3. Para modificar una fecha de una reserva, p\u00f3ngase en contacto con nosotros a trav\u00e9s de\u00a0<a href=\"mailto:reservas@wayoutlaspalmas.com\">reservas@wayoutlaspalmas.com<\/a>\u00a0siempre que sea dentro del plazo anteriormente citado.<\/p>\n<p>4. Si por razones t\u00e9cnicas o de otro tipo Wayout no puede proporcionar sus servicios, las reservas que se vean afectadas podr\u00e1n disponer de otras fechas o bien se reembolsar\u00e1n las tarifas vigentes, seg\u00fan el deseo del usuario.<\/p>\n<p>5. Si los jugadores no han llegado a las instalaciones dentro del horario de la reserva, daremos un tiempo de extra de espera de 10 minutos. Una vez pasado ese tiempo no se podr\u00e1 empezar la partida, ni poder cambiar la fecha de la misma. Perder\u00edan toda opci\u00f3n a dicha reserva.<\/p>\n<p>POL\u00cdTICA DE PRIVACIDAD<\/p>\n<p>Le informamos que los datos que nos facilita no ser\u00e1n cedidos bajo ning\u00fan concepto sin su expresa autorizaci\u00f3n. Y ser\u00e1n tratados dentro de la normativa vigente en materia de protecci\u00f3n de datos, Reglamento Europeo 2016\/679. Estos datos ser\u00e1n incluidos en un fichero inform\u00e1tico denominado clientes, La funci\u00f3n de recabar estos datos es poder elaborar un presupuesto, informarles de nuestros servicios y actividades de nuestra empresa. Y al firmar nuestros formularios est\u00e1n aceptando expresamente la recepci\u00f3n de los mismos, por cualquier medio de comunicaci\u00f3n. La consecuencia de no cumplimentar debidamente los formularios seria que no tendr\u00eda acceso a nuestros servicios ni promociones. El responsable de dicho fichero es Eventos y Experiencias Virtuales con NIF: B76331693 y domicilio fiscal en Calle Ruiz de Alda, n\u00ba6, Local A de la poblaci\u00f3n de Las Palmas de Gran Canaria, Provincia de Las Palmas (Espa\u00f1a). Usted tiene derecho a recibir respuesta de cualquier pregunta, consulta o aclaraci\u00f3n que le surja derivada de los formularios. Usted tiene derecho al acceso, oposici\u00f3n, rectificaci\u00f3n, cancelaci\u00f3n, de sus datos de car\u00e1cter personal, mediante escrito, a la direcci\u00f3n antes indicada o por correo electr\u00f3nico a info@wayoutlaspalmas.com . Todos sus datos ser\u00e1n dados de baja definitivamente de nuestra base de datos por los siguientes motivos: 1\u00ba- a petici\u00f3n suya. 2\u00ba- cuando hayan dejado de ser necesarios para los fines que motivaron su recogida.<\/p>\n\n\n<p><\/p>","protected":false},"excerpt":{"rendered":"<p>RESERVAS Y PAGOS 1. En el apartado Reservas el calendario muestra los d\u00edas y horas disponibles. Los d\u00edas u horas no disponibles aparecen en rosa o en gris. 2. Para reservar es necesario indicar tu nombre, direcci\u00f3n de correo electr\u00f3nico y tel\u00e9fono de contacto en el momento de la reserva, en caso de que los [&hellip;]<\/p>\n","protected":false},"author":1,"featured_media":0,"parent":0,"menu_order":0,"comment_status":"closed","ping_status":"closed","template":"","meta":{"_joinchat":[],"footnotes":""},"class_list":["post-77","page","type-page","status-publish","hentry"],"yoast_head":"<!-- This site is optimized with the Yoast SEO plugin v27.1.1 - https:\/\/yoast.com\/product\/yoast-seo-wordpress\/ -->\n<title>Pol\u00edticas de compras y privacidad - Wayout Room escape Las Palmas<\/title>\n<meta name=\"robots\" content=\"index, follow, max-snippet:-1, max-image-preview:large, max-video-preview:-1\" \/>\n<link rel=\"canonical\" href=\"https:\/\/wayoutlaspalmas.com\/en\/politica-de-compras\/\" \/>\n<meta property=\"og:locale\" content=\"en_GB\" \/>\n<meta property=\"og:type\" content=\"article\" \/>\n<meta property=\"og:title\" content=\"Pol\u00edticas de compras y privacidad - Wayout Room escape Las Palmas\" \/>\n<meta property=\"og:description\" content=\"RESERVAS Y PAGOS 1. En el apartado Reservas el calendario muestra los d\u00edas y horas disponibles. Los d\u00edas u horas no disponibles aparecen en rosa o en gris. 2. Para reservar es necesario indicar tu nombre, direcci\u00f3n de correo electr\u00f3nico y tel\u00e9fono de contacto en el momento de la reserva, en caso de que los [&hellip;]\" \/>\n<meta property=\"og:url\" content=\"https:\/\/wayoutlaspalmas.com\/en\/politica-de-compras\/\" \/>\n<meta property=\"og:site_name\" content=\"Wayout Room escape Las Palmas\" \/>\n<meta property=\"article:publisher\" content=\"http:\/\/www.facebook.com\/wayoutlaspalmas\" \/>\n<meta property=\"article:modified_time\" content=\"2023-07-27T13:55:05+00:00\" \/>\n<meta name=\"twitter:card\" content=\"summary_large_image\" \/>\n<meta name=\"twitter:label1\" content=\"Estimated reading time\" \/>\n\t<meta name=\"twitter:data1\" content=\"3 minutes\" \/>\n<script type=\"application\/ld+json\" class=\"yoast-schema-graph\">{\"@context\":\"https:\/\/schema.org\",\"@graph\":[{\"@type\":\"WebPage\",\"@id\":\"https:\/\/wayoutlaspalmas.com\/politica-de-compras\/\",\"url\":\"https:\/\/wayoutlaspalmas.com\/politica-de-compras\/\",\"name\":\"Pol\u00edticas de compras y privacidad - Wayout Room escape Las Palmas\",\"isPartOf\":{\"@id\":\"https:\/\/wayoutlaspalmas.com\/#website\"},\"datePublished\":\"2017-08-01T08:14:28+00:00\",\"dateModified\":\"2023-07-27T13:55:05+00:00\",\"breadcrumb\":{\"@id\":\"https:\/\/wayoutlaspalmas.com\/politica-de-compras\/#breadcrumb\"},\"inLanguage\":\"en-GB\",\"potentialAction\":[{\"@type\":\"ReadAction\",\"target\":[\"https:\/\/wayoutlaspalmas.com\/politica-de-compras\/\"]}]},{\"@type\":\"BreadcrumbList\",\"@id\":\"https:\/\/wayoutlaspalmas.com\/politica-de-compras\/#breadcrumb\",\"itemListElement\":[{\"@type\":\"ListItem\",\"position\":1,\"name\":\"Portada\",\"item\":\"https:\/\/wayoutlaspalmas.com\/\"},{\"@type\":\"ListItem\",\"position\":2,\"name\":\"Pol\u00edticas de compras y privacidad\"}]},{\"@type\":\"WebSite\",\"@id\":\"https:\/\/wayoutlaspalmas.com\/#website\",\"url\":\"https:\/\/wayoutlaspalmas.com\/\",\"name\":\"Wayout Room escape Las Palmas\",\"description\":\"Juego de escape en vivo\",\"publisher\":{\"@id\":\"https:\/\/wayoutlaspalmas.com\/#organization\"},\"potentialAction\":[{\"@type\":\"SearchAction\",\"target\":{\"@type\":\"EntryPoint\",\"urlTemplate\":\"https:\/\/wayoutlaspalmas.com\/?s={search_term_string}\"},\"query-input\":{\"@type\":\"PropertyValueSpecification\",\"valueRequired\":true,\"valueName\":\"search_term_string\"}}],\"inLanguage\":\"en-GB\"},{\"@type\":\"Organization\",\"@id\":\"https:\/\/wayoutlaspalmas.com\/#organization\",\"name\":\"Wayout Las Palmas\",\"url\":\"https:\/\/wayoutlaspalmas.com\/\",\"logo\":{\"@type\":\"ImageObject\",\"inLanguage\":\"en-GB\",\"@id\":\"https:\/\/wayoutlaspalmas.com\/#\/schema\/logo\/image\/\",\"url\":\"https:\/\/wayoutlaspalmas.com\/wp-content\/uploads\/2017\/07\/logolaspalmas-01.png\",\"contentUrl\":\"https:\/\/wayoutlaspalmas.com\/wp-content\/uploads\/2017\/07\/logolaspalmas-01.png\",\"width\":144,\"height\":124,\"caption\":\"Wayout Las Palmas\"},\"image\":{\"@id\":\"https:\/\/wayoutlaspalmas.com\/#\/schema\/logo\/image\/\"},\"sameAs\":[\"http:\/\/www.facebook.com\/wayoutlaspalmas\",\"http:\/\/www.instagram.com\/wayoutlaspalmas\",\"https:\/\/www.youtube.com\/channel\/UCFW6XCRzJLUEeXkZmX0gKhA\"]}]}<\/script>\n<!-- \/ Yoast SEO plugin. -->","yoast_head_json":{"title":"Pol\u00edticas de compras y privacidad - Wayout Room escape Las Palmas","robots":{"index":"index","follow":"follow","max-snippet":"max-snippet:-1","max-image-preview":"max-image-preview:large","max-video-preview":"max-video-preview:-1"},"canonical":"https:\/\/wayoutlaspalmas.com\/en\/politica-de-compras\/","og_locale":"en_GB","og_type":"article","og_title":"Pol\u00edticas de compras y privacidad - Wayout Room escape Las Palmas","og_description":"RESERVAS Y PAGOS 1. En el apartado Reservas el calendario muestra los d\u00edas y horas disponibles. Los d\u00edas u horas no disponibles aparecen en rosa o en gris. 2. Para reservar es necesario indicar tu nombre, direcci\u00f3n de correo electr\u00f3nico y tel\u00e9fono de contacto en el momento de la reserva, en caso de que los [&hellip;]","og_url":"https:\/\/wayoutlaspalmas.com\/en\/politica-de-compras\/","og_site_name":"Wayout Room escape Las Palmas","article_publisher":"http:\/\/www.facebook.com\/wayoutlaspalmas","article_modified_time":"2023-07-27T13:55:05+00:00","twitter_card":"summary_large_image","twitter_misc":{"Estimated reading time":"3 minutes"},"schema":{"@context":"https:\/\/schema.org","@graph":[{"@type":"WebPage","@id":"https:\/\/wayoutlaspalmas.com\/politica-de-compras\/","url":"https:\/\/wayoutlaspalmas.com\/politica-de-compras\/","name":"Pol\u00edticas de compras y privacidad - Wayout Room escape Las Palmas","isPartOf":{"@id":"https:\/\/wayoutlaspalmas.com\/#website"},"datePublished":"2017-08-01T08:14:28+00:00","dateModified":"2023-07-27T13:55:05+00:00","breadcrumb":{"@id":"https:\/\/wayoutlaspalmas.com\/politica-de-compras\/#breadcrumb"},"inLanguage":"en-GB","potentialAction":[{"@type":"ReadAction","target":["https:\/\/wayoutlaspalmas.com\/politica-de-compras\/"]}]},{"@type":"BreadcrumbList","@id":"https:\/\/wayoutlaspalmas.com\/politica-de-compras\/#breadcrumb","itemListElement":[{"@type":"ListItem","position":1,"name":"Portada","item":"https:\/\/wayoutlaspalmas.com\/"},{"@type":"ListItem","position":2,"name":"Pol\u00edticas de compras y privacidad"}]},{"@type":"WebSite","@id":"https:\/\/wayoutlaspalmas.com\/#website","url":"https:\/\/wayoutlaspalmas.com\/","name":"Wayout Room escape Las Palmas","description":"Juego de escape en vivo","publisher":{"@id":"https:\/\/wayoutlaspalmas.com\/#organization"},"potentialAction":[{"@type":"SearchAction","target":{"@type":"EntryPoint","urlTemplate":"https:\/\/wayoutlaspalmas.com\/?s={search_term_string}"},"query-input":{"@type":"PropertyValueSpecification","valueRequired":true,"valueName":"search_term_string"}}],"inLanguage":"en-GB"},{"@type":"Organization","@id":"https:\/\/wayoutlaspalmas.com\/#organization","name":"Wayout Las Palmas","url":"https:\/\/wayoutlaspalmas.com\/","logo":{"@type":"ImageObject","inLanguage":"en-GB","@id":"https:\/\/wayoutlaspalmas.com\/#\/schema\/logo\/image\/","url":"https:\/\/wayoutlaspalmas.com\/wp-content\/uploads\/2017\/07\/logolaspalmas-01.png","contentUrl":"https:\/\/wayoutlaspalmas.com\/wp-content\/uploads\/2017\/07\/logolaspalmas-01.png","width":144,"height":124,"caption":"Wayout Las Palmas"},"image":{"@id":"https:\/\/wayoutlaspalmas.com\/#\/schema\/logo\/image\/"},"sameAs":["http:\/\/www.facebook.com\/wayoutlaspalmas","http:\/\/www.instagram.com\/wayoutlaspalmas","https:\/\/www.youtube.com\/channel\/UCFW6XCRzJLUEeXkZmX0gKhA"]}]}},"_links":{"self":[{"href":"https:\/\/wayoutlaspalmas.com\/en\/wp-json\/wp\/v2\/pages\/77","targetHints":{"allow":["GET"]}}],"collection":[{"href":"https:\/\/wayoutlaspalmas.com\/en\/wp-json\/wp\/v2\/pages"}],"about":[{"href":"https:\/\/wayoutlaspalmas.com\/en\/wp-json\/wp\/v2\/types\/page"}],"author":[{"embeddable":true,"href":"https:\/\/wayoutlaspalmas.com\/en\/wp-json\/wp\/v2\/users\/1"}],"replies":[{"embeddable":true,"href":"https:\/\/wayoutlaspalmas.com\/en\/wp-json\/wp\/v2\/comments?post=77"}],"version-history":[{"count":7,"href":"https:\/\/wayoutlaspalmas.com\/en\/wp-json\/wp\/v2\/pages\/77\/revisions"}],"predecessor-version":[{"id":939,"href":"https:\/\/wayoutlaspalmas.com\/en\/wp-json\/wp\/v2\/pages\/77\/revisions\/939"}],"wp:attachment":[{"href":"https:\/\/wayoutlaspalmas.com\/en\/wp-json\/wp\/v2\/media?parent=77"}],"curies":[{"name":"wp","href":"https:\/\/api.w.org\/{rel}","templated":true}]}}